{"id":11078,"date":"2023-01-07T07:09:34","date_gmt":"2023-01-07T07:09:34","guid":{"rendered":"https:\/\/proefritten.be\/o-nas\/"},"modified":"2024-05-06T19:05:32","modified_gmt":"2024-05-06T19:05:32","slug":"o-nas","status":"publish","type":"page","link":"https:\/\/proefritten.be\/pl\/o-nas\/","title":{"rendered":"O nas"},"content":{"rendered":"<p>Jestem Johan De Haes, za\u0142o\u017cyciel proefritten.be, platformy, na kt\u00f3rej mo\u017cna przetestowa\u0107 samochody elektryczne i PHEV online. Jestem pasjonatem samochod\u00f3w i zacz\u0105\u0142em tworzy\u0107 filmy motoryzacyjne w 2014 roku. Na moich kana\u0142ach YouTube <a href=\"https:\/\/www.youtube.com\/johandehaes\" rel=\"nofollow noopener\" target=\"_blank\"><em>Johan De Haes<\/em><\/a> oraz <a href=\"https:\/\/www.youtube.com\/proefritten\" rel=\"nofollow noopener\" target=\"_blank\"><em>Proefritten<\/em><\/a> mo\u017cna znale\u017a\u0107 wiele film\u00f3w z jazd <a href=\"https:\/\/proefritten.be\/pl\/jazdy-testowe\/\">testowych<\/a>, <a href=\"https:\/\/proefritten.be\/pl\/test-zasiegu\/\">test\u00f3w zasi\u0119gu<\/a> i <a href=\"https:\/\/proefritten.be\/pl\/night-drives\/\">jazd nocnych<\/a>. Z ponad 500 filmami o \u0142\u0105cznej liczbie ponad 40 milion\u00f3w wy\u015bwietle\u0144 i prawie 50 000 subskrybent\u00f3w, m\u00f3j kana\u0142 jest popularnym \u017ar\u00f3d\u0142em wszystkiego, co zwi\u0105zane z motoryzacj\u0105. Proefritten.be \u0142\u0105czy to wszystko razem, z <a href=\"https:\/\/proefritten.be\/pl\/jazdy-testowe\/\">filmami z jazd testowych<\/a>, <a href=\"https:\/\/proefritten.be\/pl\/test-zasiegu\/\">testami zasi\u0119gu jazdy<\/a> i <a href=\"https:\/\/proefritten.be\/pl\/night-drives\/\">nocnymi jazdami<\/a> samochodami elektrycznymi i PHEV.<\/p>\n<p><img fetchpriority=\"high\" decoding=\"async\" class=\"aligncenter wp-image-2731 size-medium\" src=\"https:\/\/proefritten.be\/wp-content\/uploads\/2018\/10\/MVI_1465.00_03_59_42.Still009-300x169.jpg\" alt=\"-\" width=\"300\" height=\"169\" srcset=\"https:\/\/proefritten.be\/wp-content\/uploads\/2018\/10\/MVI_1465.00_03_59_42.Still009-300x169.jpg 300w, https:\/\/proefritten.be\/wp-content\/uploads\/2018\/10\/MVI_1465.00_03_59_42.Still009-1024x576.jpg 1024w, https:\/\/proefritten.be\/wp-content\/uploads\/2018\/10\/MVI_1465.00_03_59_42.Still009-768x432.jpg 768w, https:\/\/proefritten.be\/wp-content\/uploads\/2018\/10\/MVI_1465.00_03_59_42.Still009-1536x863.jpg 1536w, https:\/\/proefritten.be\/wp-content\/uploads\/2018\/10\/MVI_1465.00_03_59_42.Still009-2048x1151.jpg 2048w, https:\/\/proefritten.be\/wp-content\/uploads\/2018\/10\/MVI_1465.00_03_59_42.Still009-18x10.jpg 18w\" sizes=\"(max-width: 300px) 100vw, 300px\" \/><\/p>\n<p>&nbsp;<\/p>\n","protected":false},"excerpt":{"rendered":"<p>Jestem Johan De Haes, za\u0142o\u017cyciel proefritten.be, platformy, na kt\u00f3rej mo\u017cna przetestowa\u0107 samochody elektryczne i PHEV online. Jestem pasjonatem samochod\u00f3w i zacz\u0105\u0142em tworzy\u0107 filmy motoryzacyjne w 2014 roku. Na moich kana\u0142ach YouTube Johan De Haes oraz Proefritten mo\u017cna znale\u017a\u0107 wiele film\u00f3w z jazd testowych, test\u00f3w zasi\u0119gu i jazd nocnych. Z ponad 500 filmami o \u0142\u0105cznej liczbie [&hellip;]<\/p>\n","protected":false},"author":2,"featured_media":0,"parent":0,"menu_order":0,"comment_status":"closed","ping_status":"closed","template":"","meta":{"footnotes":""},"page-template":[],"class_list":["post-11078","page","type-page","status-publish","hentry"],"_links":{"self":[{"href":"https:\/\/proefritten.be\/pl\/wp-json\/wp\/v2\/pages\/11078","targetHints":{"allow":["GET"]}}],"collection":[{"href":"https:\/\/proefritten.be\/pl\/wp-json\/wp\/v2\/pages"}],"about":[{"href":"https:\/\/proefritten.be\/pl\/wp-json\/wp\/v2\/types\/page"}],"author":[{"embeddable":true,"href":"https:\/\/proefritten.be\/pl\/wp-json\/wp\/v2\/users\/2"}],"replies":[{"embeddable":true,"href":"https:\/\/proefritten.be\/pl\/wp-json\/wp\/v2\/comments?post=11078"}],"version-history":[{"count":2,"href":"https:\/\/proefritten.be\/pl\/wp-json\/wp\/v2\/pages\/11078\/revisions"}],"predecessor-version":[{"id":11080,"href":"https:\/\/proefritten.be\/pl\/wp-json\/wp\/v2\/pages\/11078\/revisions\/11080"}],"wp:attachment":[{"href":"https:\/\/proefritten.be\/pl\/wp-json\/wp\/v2\/media?parent=11078"}],"wp:term":[{"taxonomy":"page-template","embeddable":true,"href":"https:\/\/proefritten.be\/pl\/wp-json\/wp\/v2\/page-template?post=11078"}],"curies":[{"name":"wp","href":"https:\/\/api.w.org\/{rel}","templated":true}]}}