{"id":11081,"date":"2022-10-08T20:17:56","date_gmt":"2022-10-08T20:17:56","guid":{"rendered":"https:\/\/proefritten.be\/polityka-prywatnosci\/"},"modified":"2022-10-08T20:17:56","modified_gmt":"2022-10-08T20:17:56","slug":"polityka-prywatnosci","status":"publish","type":"page","link":"https:\/\/proefritten.be\/pl\/polityka-prywatnosci\/","title":{"rendered":"Polityka prywatno\u015bci"},"content":{"rendered":"<p>Proefritten.be przetwarza dane osobowe zgodnie z niniejszym o\u015bwiadczeniem o ochronie prywatno\u015bci. W celu uzyskania dalszych informacji, pyta\u0144 lub uwag dotycz\u0105cych naszej polityki prywatno\u015bci, prosimy o skorzystanie z formularza kontaktowego.<\/p>\n<p><strong>Cele przetwarzania<\/strong><\/p>\n<p>Proefritten.be gromadzi i przetwarza dane osobowe u\u017cytkownik\u00f3w wy\u0142\u0105cznie zgodnie z celem, dla kt\u00f3rego zosta\u0142y zebrane.<\/p>\n<p><strong>Przekazanie osobom trzecim<\/strong><\/p>\n<p>Je\u015bli jest to konieczne do osi\u0105gni\u0119cia zamierzonych cel\u00f3w, dane osobowe klienta b\u0119d\u0105 udost\u0119pniane innym podmiotom przetwarzaj\u0105cym:<\/p>\n<p><strong>Godaddy<\/strong><\/p>\n<p>GoDaddy jest naszym dostawc\u0105 us\u0142ug hostingowych i zapewnia infrastruktur\u0119 techniczn\u0105 dla naszej witryny.<\/p>\n<p><strong>Google<\/strong><\/p>\n<p>U\u017cywamy Google Analytics do \u015bledzenia statystyk odwiedzin i ulepszania naszej strony internetowej. Google Analytics gromadzi dane dotycz\u0105ce korzystania z naszej strony internetowej, takie jak liczba odwiedzaj\u0105cych, czas sp\u0119dzony przez odwiedzaj\u0105cych na stronie internetowej oraz strony, kt\u00f3re odwiedzaj\u0105cy najcz\u0119\u015bciej przegl\u0105daj\u0105. Dane te s\u0105 gromadzone anonimowo i udost\u0119pniane nam.<\/p>\n<p>Strona kontaktowa wykorzystuje Google reCAPTCHA do okre\u015blenia, czy odwiedzaj\u0105cy jest cz\u0142owiekiem, czy botem. Google reCAPTCHA gromadzi dane dotycz\u0105ce korzystania z naszej strony internetowej, takie jak adres IP odwiedzaj\u0105cego, czas sp\u0119dzony przez odwiedzaj\u0105cego na naszej stronie internetowej oraz czynno\u015bci wykonywane przez odwiedzaj\u0105cego na naszej stronie internetowej. Dane te s\u0105 gromadzone anonimowo i udost\u0119pniane Google. Google mo\u017ce przekazywa\u0107 te informacje stronom trzecim, je\u015bli jest do tego prawnie zobowi\u0105zana lub w zakresie, w jakim strony trzecie przetwarzaj\u0105 dane w imieniu Google. Nie mamy na to wp\u0142ywu. Nie udzielili\u015bmy Google zgody na wykorzystywanie danych reCAPTCHA uzyskanych za po\u015brednictwem naszej strony internetowej do innych us\u0142ug Google.<\/p>\n<p>Nasza witryna wykorzystuje Google AdSense do wy\u015bwietlania reklam. AdSense wykorzystuje pliki cookie do dostarczania spersonalizowanych reklam w oparciu o preferencje i zachowanie u\u017cytkownika podczas surfowania.<\/p>\n<p><strong>Projektant stron internetowych<\/strong><\/p>\n<p>Nasz projektant stron internetowych przetwarza dane osobowe w celu realizacji zlecenia projektowania stron internetowych i mog\u0105 one obejmowa\u0107 imi\u0119 i nazwisko, adres e-mail. Nasz projektant stron internetowych przetwarza te dane ostro\u017cnie i bezpiecznie i nie udost\u0119pnia ich stronom trzecim, chyba \u017ce jest to konieczne do wykonania zlecenia lub gdy jeste\u015bmy do tego prawnie zobowi\u0105zani. Nasz projektant stron internetowych podejmuje odpowiednie \u015brodki techniczne i organizacyjne w celu ochrony danych przed utrat\u0105 lub jak\u0105kolwiek form\u0105 bezprawnego wykorzystania.<\/p>\n<p><strong>Okres przechowywania<\/strong><\/p>\n<p>Dane osobowe przetwarzane w celu zarz\u0105dzania klientami b\u0119d\u0105 przechowywane przez okres niezb\u0119dny do spe\u0142nienia wymog\u00f3w prawnych (w tym w zakresie rachunkowo\u015bci).<\/p>\n<p><strong>Prawo dost\u0119pu, poprawiania, usuwania, ograniczania, sprzeciwu i przenoszenia danych osobowych<\/strong><\/p>\n<p>Je\u015bli u\u017cytkownik posiada zgromadzone przez nas dane osobowe, przys\u0142uguj\u0105 mu nast\u0119puj\u0105ce prawa:<\/p>\n<p>Prawo do zmiany danych osobowych<\/p>\n<p>Prawo do \u017c\u0105dania dost\u0119pu do swoich danych osobowych<\/p>\n<p>Prawo do usuni\u0119cia danych osobowych<\/p>\n<p>Prawo do sprzeciwu wobec przetwarzania danych osobowych u\u017cytkownika<\/p>\n<p>Prawo do przenoszenia danych.<\/p>\n<p>Je\u015bli chcesz skorzysta\u0107 z jednego z powy\u017cszych praw, mo\u017cesz skontaktowa\u0107 si\u0119 z Proefritten.be za po\u015brednictwem formularza kontaktowego.<\/p>\n<p><strong>Skarga<\/strong><\/p>\n<p>W przypadku skarg dotycz\u0105cych przetwarzania danych osobowych mo\u017cna skontaktowa\u0107 si\u0119 z nami za po\u015brednictwem formularza kontaktowego.<\/p>\n<p>Klient ma prawo z\u0142o\u017cy\u0107 skarg\u0119 do Komisji Ochrony Prywatno\u015bci.<\/p>\n","protected":false},"excerpt":{"rendered":"<p>Proefritten.be przetwarza dane osobowe zgodnie z niniejszym o\u015bwiadczeniem o ochronie prywatno\u015bci. W celu uzyskania dalszych informacji, pyta\u0144 lub uwag dotycz\u0105cych naszej polityki prywatno\u015bci, prosimy o skorzystanie z formularza kontaktowego. Cele przetwarzania Proefritten.be gromadzi i przetwarza dane osobowe u\u017cytkownik\u00f3w wy\u0142\u0105cznie zgodnie z celem, dla kt\u00f3rego zosta\u0142y zebrane. Przekazanie osobom trzecim Je\u015bli jest to konieczne do osi\u0105gni\u0119cia [&hellip;]<\/p>\n","protected":false},"author":1,"featured_media":0,"parent":0,"menu_order":0,"comment_status":"closed","ping_status":"closed","template":"","meta":{"footnotes":""},"page-template":[],"class_list":["post-11081","page","type-page","status-publish","hentry"],"_links":{"self":[{"href":"https:\/\/proefritten.be\/pl\/wp-json\/wp\/v2\/pages\/11081","targetHints":{"allow":["GET"]}}],"collection":[{"href":"https:\/\/proefritten.be\/pl\/wp-json\/wp\/v2\/pages"}],"about":[{"href":"https:\/\/proefritten.be\/pl\/wp-json\/wp\/v2\/types\/page"}],"author":[{"embeddable":true,"href":"https:\/\/proefritten.be\/pl\/wp-json\/wp\/v2\/users\/1"}],"replies":[{"embeddable":true,"href":"https:\/\/proefritten.be\/pl\/wp-json\/wp\/v2\/comments?post=11081"}],"version-history":[{"count":0,"href":"https:\/\/proefritten.be\/pl\/wp-json\/wp\/v2\/pages\/11081\/revisions"}],"wp:attachment":[{"href":"https:\/\/proefritten.be\/pl\/wp-json\/wp\/v2\/media?parent=11081"}],"wp:term":[{"taxonomy":"page-template","embeddable":true,"href":"https:\/\/proefritten.be\/pl\/wp-json\/wp\/v2\/page-template?post=11081"}],"curies":[{"name":"wp","href":"https:\/\/api.w.org\/{rel}","templated":true}]}}